{"id":4975,"date":"2024-08-13T07:43:51","date_gmt":"2024-08-13T05:43:51","guid":{"rendered":"https:\/\/beta.bodyfence.net\/find-a-distributor\/"},"modified":"2025-11-07T15:24:48","modified_gmt":"2025-11-07T14:24:48","slug":"find-ppf-installer","status":"publish","type":"page","link":"https:\/\/staging.bodyfence.net\/en\/find-ppf-installer\/","title":{"rendered":"Find a BODYFENCE\u00ae installer"},"content":{"rendered":"\t\t<div data-elementor-type=\"wp-page\" data-elementor-id=\"4975\" class=\"elementor elementor-4975 elementor-353\" data-elementor-post-type=\"page\">\n\t\t\t\t<div class=\"elementor-element elementor-element-4d2c65fb e-flex e-con-boxed e-con e-parent\" data-id=\"4d2c65fb\" data-element_type=\"container\" data-e-type=\"container\" data-settings=\"{&quot;background_background&quot;:&quot;classic&quot;,&quot;background_motion_fx_motion_fx_scrolling&quot;:&quot;yes&quot;,&quot;background_motion_fx_translateY_effect&quot;:&quot;yes&quot;,&quot;background_motion_fx_translateY_speed&quot;:{&quot;unit&quot;:&quot;px&quot;,&quot;size&quot;:6,&quot;sizes&quot;:[]},&quot;background_motion_fx_translateY_affectedRange&quot;:{&quot;unit&quot;:&quot;%&quot;,&quot;size&quot;:&quot;&quot;,&quot;sizes&quot;:{&quot;start&quot;:25,&quot;end&quot;:50}},&quot;background_motion_fx_devices&quot;:[&quot;desktop&quot;,&quot;tablet&quot;,&quot;mobile&quot;]}\">\n\t\t\t\t\t<div class=\"e-con-inner\">\n\t\t<div class=\"elementor-element elementor-element-4a09adb e-con-full e-flex e-con e-child\" data-id=\"4a09adb\" data-element_type=\"container\" data-e-type=\"container\">\n\t\t\t\t<div class=\"elementor-element elementor-element-5056cee4 elementor-widget elementor-widget-heading\" data-id=\"5056cee4\" data-element_type=\"widget\" data-e-type=\"widget\" data-widget_type=\"heading.default\">\n\t\t\t\t<div class=\"elementor-widget-container\">\n\t\t\t\t\t<h1 class=\"elementor-heading-title elementor-size-default\"><strong style=\"font-weight: 900;color: #E30613\">BODYFENCE\u00ae<\/strong> Certified Installer Network<\/h1>\t\t\t\t<\/div>\n\t\t\t\t<\/div>\n\t\t\t\t<\/div>\n\t\t\t\t\t<\/div>\n\t\t\t\t<\/div>\n\t\t<div class=\"elementor-element elementor-element-68b0fd6e e-flex e-con-boxed e-con e-parent\" data-id=\"68b0fd6e\" data-element_type=\"container\" data-e-type=\"container\">\n\t\t\t\t\t<div class=\"e-con-inner\">\n\t\t\t\t<div class=\"elementor-element elementor-element-70dcfc23 elementor-align-left elementor-widget elementor-widget-breadcrumbs\" data-id=\"70dcfc23\" data-element_type=\"widget\" data-e-type=\"widget\" data-widget_type=\"breadcrumbs.default\">\n\t\t\t\t<div class=\"elementor-widget-container\">\n\t\t\t\t\t<p id=\"breadcrumbs\"><span><span><a href=\"https:\/\/staging.bodyfence.net\/en\/bodyfence\/\">Accueil<\/a><\/span><\/span><\/p>\t\t\t\t<\/div>\n\t\t\t\t<\/div>\n\t\t\t\t\t<\/div>\n\t\t\t\t<\/div>\n\t\t<div class=\"elementor-element elementor-element-51a34b55 e-flex e-con-boxed e-con e-parent\" data-id=\"51a34b55\" data-element_type=\"container\" data-e-type=\"container\">\n\t\t\t\t\t<div class=\"e-con-inner\">\n\t\t\t\t<div class=\"elementor-element elementor-element-26678804 elementor-widget elementor-widget-heading\" data-id=\"26678804\" data-element_type=\"widget\" data-e-type=\"widget\" data-widget_type=\"heading.default\">\n\t\t\t\t<div class=\"elementor-widget-container\">\n\t\t\t\t\t<h2 class=\"elementor-heading-title elementor-size-default\">Entrust the installation of your PPF to<br>a certified <strong style=\"font-weight: 900;color: #E30613\">BODYFENCE\u00ae<\/strong> installer<\/h2>\t\t\t\t<\/div>\n\t\t\t\t<\/div>\n\t\t\t\t<div class=\"elementor-element elementor-element-2a1413df elementor-widget elementor-widget-text-editor\" data-id=\"2a1413df\" data-element_type=\"widget\" data-e-type=\"widget\" data-widget_type=\"text-editor.default\">\n\t\t\t\t<div class=\"elementor-widget-container\">\n\t\t\t\t\t\t\t\t\t<p>Have you chosen <a href=\"https:\/\/staging.bodyfence.net\/en\/\" rel=\"noopener\">BODYFENCE\u00ae<\/a> to protect your vehicle? Ensure a <strong>flawless application<\/strong> by entrusting the job to a <strong>certified installer<\/strong>. <strong>Applying a PPF<\/strong> requires <strong>technical expertise<\/strong> and <strong>absolute precision<\/strong> to <strong>guarantee long-lasting and effective protection<\/strong>.   <\/p><p><strong>Why choose a certified installer?<\/strong><br>Our experts are rigorously selected and evaluated based on their <strong>technical expertise<\/strong>, <strong>adherence to BODYFENCE\u00ae standards<\/strong>, and <strong>attention to detail<\/strong>.<br>Preserve the beauty and shine of your vehicle by entrusting it to <strong>professionals trained<\/strong> in the best <a href=\"https:\/\/staging.bodyfence.net\/en\/join-us\/\" rel=\"noopener\">PPF installation practices<\/a>. <\/p>\t\t\t\t\t\t\t\t<\/div>\n\t\t\t\t<\/div>\n\t\t\t\t\t<\/div>\n\t\t\t\t<\/div>\n\t\t<div class=\"elementor-element elementor-element-5fe844b e-grid e-con-boxed e-con e-parent\" data-id=\"5fe844b\" data-element_type=\"container\" data-e-type=\"container\" id=\"mediapplicateurs\">\n\t\t\t\t\t<div class=\"e-con-inner\">\n\t\t<div class=\"elementor-element elementor-element-5517a79 e-con-full e-flex e-con e-child\" data-id=\"5517a79\" data-element_type=\"container\" data-e-type=\"container\">\n\t\t\t\t<div class=\"elementor-element elementor-element-18c7e04 elementor-widget elementor-widget-html\" data-id=\"18c7e04\" data-element_type=\"widget\" data-e-type=\"widget\" data-widget_type=\"html.default\">\n\t\t\t\t<div class=\"elementor-widget-container\">\n\t\t\t\t\t\n\n<div class=\"input-container\" style=\"margin-top:15px;margin-bottom:0px!important; padding: 5%; text-align: center;  \">\n        <input type=\"text\" id=\"locationInput\" placeholder=\"Enter a city or country\" style=\"      max-width: 300px;margin-bottom:25px;  \">\n        <button id=\"geoButton\" title=\"Use my location\" style=\" background: transparent; padding: 10px 8px; margin-left: -37px; border: 0px; \">\ud83d\udccd<\/button>\n        <button id=\"updateButton\" title=\"Use my location\" style=\" padding: 9px 20px 8px 20px; vertical-align: middle; text-: 2; \">ACCEPT<\/button><div style=\"clear:both;height:20px\"><\/div>\n  <div style=\"text-align:center;\">\n    <span style=\"line-height:40px;\" id=\"mapFlag\">\n    <a class=\"FR\" href=\"#\" onclick=\"updateMap('FRANCE'); return false;\">\n        <img decoding=\"async\" title=\"French\" alt=\"en\" src=\"https:\/\/hexis-graphics.com\/img\/flag-FR.png\" style=\"width:30px;\">\n    <\/a>&nbsp;&nbsp;&nbsp;\n    <a class=\"DE\" href=\"#\" onclick=\"updateMap('Germany'); return false;\">\n        <img decoding=\"async\" title=\"Germany\" alt=\"from\" src=\"https:\/\/hexis-graphics.com\/img\/flag-DE.png\" style=\"width:30px;\">\n    <\/a>&nbsp;&nbsp;&nbsp;\n    <a class=\"IT\" href=\"#\" onclick=\"updateMap('Italia'); return false;\">\n        <img decoding=\"async\" title=\"Italia\" alt=\"it\" src=\"https:\/\/hexis-graphics.com\/img\/flag-IT.png\" style=\"width:30px;\">\n    <\/a>&nbsp;&nbsp;&nbsp;\n    <a class=\"ES\" href=\"#\" onclick=\"updateMap('Spain'); return false;\">\n        <img decoding=\"async\" title=\"Spain\" alt=\"es\" src=\"https:\/\/hexis-graphics.com\/img\/flag-ES.png\" style=\"width:30px;\">\n    <\/a>&nbsp;&nbsp;&nbsp;\n    <a class=\"SE\" href=\"#\" onclick=\"updateMap('Sweden'); return false;\">\n        <img decoding=\"async\" title=\"Sweden\" alt=\"go to\" src=\"https:\/\/hexis-graphics.com\/img\/flag-SE.png\" style=\"width:30px;\">\n    <\/a>&nbsp;&nbsp;&nbsp;\n      <a class=\"US\" href=\"#\" onclick=\"updateMap('United States'); return false;\">\n        <img decoding=\"async\" title=\"USA\" alt=\"us\" src=\"https:\/\/hexis-graphics.com\/img\/flag-US.png\" style=\"width:30px;\">\n    <\/a>&nbsp;&nbsp;&nbsp;\n    <a class=\"EN\" href=\"#\" onclick=\"updateMap('United Kingdom'); return false;\">\n        <img decoding=\"async\" title=\"English\" alt=\"at\" src=\"https:\/\/hexis-graphics.com\/img\/flag-EN.png\" style=\"width:30px;\">\n    <\/a>&nbsp;&nbsp;&nbsp;\n    <a class=\"AU\" href=\"#\" onclick=\"updateMap('Australia'); return false;\">\n        <img decoding=\"async\" title=\"Australia\" alt=\"at\" src=\"https:\/\/hexis-graphics.com\/img\/flag-AU.png\" style=\"width:30px;\">\n    <\/a>&nbsp;&nbsp;&nbsp;\n<\/span>\n        <\/div>\n    <\/div>\n  <div class=\"image-container\">\n  <img decoding=\"async\" src=\"https:\/\/staging.bodyfence.net\/wp-content\/uploads\/2025\/01\/bodyfence-certified-installer-1000.png\" alt=\"Bodyfence Certified Installer\">\n<\/div>\n    <iframe id=\"map\" data-src=\"https:\/\/data.hexis-graphics.com\/public\/fr\/gforms\/bodyfence-2\/\" style=\"width: 100%; transition: opacity 0.5s ease-in-out; opacity: 1; min-height: 900px;\" src=\"https:\/\/data.hexis-graphics.com\/public\/en\/gforms\/bodyfence\/\" class=\" lazyloaded\" data-load-mode=\"1\"><\/iframe>\n    \n    <script>\n    function updateMap(countryCode) {\n\n    if (countryCode) {\n         const image = document.querySelector('.image-container');\nimage.style.display = 'flex';\n        const iframe = document.getElementById('map');\n        iframe.setAttribute('data-src', `https:\/\/data.hexis-graphics.com\/public\/en\/gforms\/bodyfence-2\/?country=${encodeURIComponent(countryCode)}`);\n            iframe.setAttribute('src', `https:\/\/data.hexis-graphics.com\/public\/en\/gforms\/bodyfence-2\/?country=${encodeURIComponent(countryCode)}`);\n        \/\/ \u00c9tape 1 : Faire dispara\u00eetre l'iframe en diminuant son opacit\u00e9\n        iframe.style.opacity = 0;\n        \n        \/\/ \u00c9tape 2 : Attendre la fin de la transition avant de changer la source\n        setTimeout(() => {\n            \n            \n            \/\/ \u00c9tape 3 : R\u00e9afficher l'iframe apr\u00e8s un l\u00e9ger d\u00e9lai\n            iframe.style.opacity = 1;\n        }, 1500); \/\/ Correspond \u00e0 la dur\u00e9e de la transition CSS (0.5s)\n        \n        \/\/ Scroll to the map\n        document.querySelector('#map').scrollIntoView({\n            behavior: 'smooth',\n            block: 'start',\n        });\n    } else {\n        alert(\"Aucun pays s\u00e9lectionn\u00e9.\");\n    }\n}\n        document.getElementById('geoButton').addEventListener('click', function () {\n\n            if (navigator.geolocation) {\n                navigator.geolocation.getCurrentPosition(getLocationSuccess, getLocationError);\n            } else {\n                alert(\"La g\u00e9olocalisation n'est pas support\u00e9e par ce navigateur.\");\n            }\n        });\n\n        function getLocationSuccess(position) {\n            const lat = position.coords.latitude;\n            const lon = position.coords.longitude;\n             const iframe = document.getElementById('map');\n                iframe.setAttribute('data-src', `https:\/\/data.hexis-graphics.com\/public\/en\/gforms\/bodyfence-2\/?country=${encodeURIComponent(lat +\", \" + lon)}`);\n                iframe.setAttribute('src', `https:\/\/data.hexis-graphics.com\/public\/en\/gforms\/bodyfence-2\/?country=${encodeURIComponent(lat +\", \" + lon)}`);\n                document.querySelector('#map').scrollIntoView({\n  behavior: 'smooth', \n  block: 'start',    \n});\n             const image = document.querySelector('.image-container');\nimage.style.display = 'flex';\n\n        }\n         function getLocationError(position) {\n            \n            document.getElementById('locationInput').value = \"\";\n            \n        }\n\n        document.getElementById('updateButton').addEventListener('click', function () {\n            const location = document.getElementById('locationInput').value;\n            if (location) {\n                const image = document.querySelector('.image-container');\nimage.style.display = 'flex';\n\n\n                 const iframe = document.getElementById('map');\n                iframe.setAttribute('data-src', `https:\/\/data.hexis-graphics.com\/public\/en\/gforms\/bodyfence-2\/?country=${encodeURIComponent(location)}`);\n                iframe.setAttribute('src', `https:\/\/data.hexis-graphics.com\/public\/en\/gforms\/bodyfence-2\/?country=${encodeURIComponent(location)}`);\n                        document.querySelector('#map').scrollIntoView({\n  behavior: 'smooth', \n  block: 'start',    \n});\n            } else {\n                alert(\"Veuillez entrer une ville ou un pays.\");\n            }\n        });\n    <\/script><style>.image-container {\n  display: none;\n  justify-content: center;\n  align-items: center;\n  height: 600px;\n  position: absolute;z-index: -1;\n  width: 100%;\n}\n\n.image-container img {\n  max-width: 200px;\n  margin-top: 200px;\n  animation: fade-scale 4s ease-in-out infinite;\n}\n\n@keyframes fade-scale {\n  0% {\n    transform: scale(1);\n    opacity: 1;\n  }\n  50% {\n    transform: scale(0.8);\n    opacity: 0.3;\n  }\n  100% {\n    transform: scale(1);\n    opacity: 1;\n  }\n}<\/style>\t\t\t\t<\/div>\n\t\t\t\t<\/div>\n\t\t\t\t<\/div>\n\t\t\t\t\t<\/div>\n\t\t\t\t<\/div>\n\t\t<div class=\"elementor-element elementor-element-375f3285 e-flex e-con-boxed e-con e-parent\" data-id=\"375f3285\" data-element_type=\"container\" data-e-type=\"container\" data-settings=\"{&quot;background_background&quot;:&quot;classic&quot;}\">\n\t\t\t\t\t<div class=\"e-con-inner\">\n\t\t\t\t<div class=\"elementor-element elementor-element-6ff62e26 elementor-widget elementor-widget-heading\" data-id=\"6ff62e26\" data-element_type=\"widget\" data-e-type=\"widget\" data-widget_type=\"heading.default\">\n\t\t\t\t<div class=\"elementor-widget-container\">\n\t\t\t\t\t<p class=\"elementor-heading-title elementor-size-default\">DON'T WAIT ANY LONGER<\/p>\t\t\t\t<\/div>\n\t\t\t\t<\/div>\n\t\t\t\t<div class=\"elementor-element elementor-element-61ac64a5 elementor-mobile-align-center e-transform elementor-align-center elementor-widget elementor-widget-button\" data-id=\"61ac64a5\" data-element_type=\"widget\" data-e-type=\"widget\" data-settings=\"{&quot;_transform_rotateZ_effect&quot;:{&quot;unit&quot;:&quot;px&quot;,&quot;size&quot;:&quot;&quot;,&quot;sizes&quot;:[]},&quot;_transform_rotateZ_effect_tablet&quot;:{&quot;unit&quot;:&quot;deg&quot;,&quot;size&quot;:&quot;&quot;,&quot;sizes&quot;:[]},&quot;_transform_rotateZ_effect_mobile&quot;:{&quot;unit&quot;:&quot;deg&quot;,&quot;size&quot;:&quot;&quot;,&quot;sizes&quot;:[]}}\" data-widget_type=\"button.default\">\n\t\t\t\t<div class=\"elementor-widget-container\">\n\t\t\t\t\t\t\t\t\t<div class=\"elementor-button-wrapper\">\n\t\t\t\t\t<a class=\"elementor-button elementor-button-link elementor-size-sm elementor-animation-grow\" href=\"https:\/\/staging.bodyfence.net\/en\/contact\/\">\n\t\t\t\t\t\t<span class=\"elementor-button-content-wrapper\">\n\t\t\t\t\t\t\t\t\t<span class=\"elementor-button-text\">CONTACT US<\/span>\n\t\t\t\t\t<\/span>\n\t\t\t\t\t<\/a>\n\t\t\t\t<\/div>\n\t\t\t\t\t\t\t\t<\/div>\n\t\t\t\t<\/div>\n\t\t\t\t\t<\/div>\n\t\t\t\t<\/div>\n\t\t<div class=\"elementor-element elementor-element-270ea86b e-flex e-con-boxed e-con e-parent\" data-id=\"270ea86b\" data-element_type=\"container\" data-e-type=\"container\" data-settings=\"{&quot;background_background&quot;:&quot;gradient&quot;}\">\n\t\t\t\t\t<div class=\"e-con-inner\">\n\t\t\t\t<div class=\"elementor-element elementor-element-641a0244 elementor-widget elementor-widget-spacer\" data-id=\"641a0244\" data-element_type=\"widget\" data-e-type=\"widget\" data-widget_type=\"spacer.default\">\n\t\t\t\t<div class=\"elementor-widget-container\">\n\t\t\t\t\t\t\t<div class=\"elementor-spacer\">\n\t\t\t<div class=\"elementor-spacer-inner\"><\/div>\n\t\t<\/div>\n\t\t\t\t\t\t<\/div>\n\t\t\t\t<\/div>\n\t\t\t\t\t<\/div>\n\t\t\t\t<\/div>\n\t\t\t\t<\/div>\n\t\t","protected":false},"excerpt":{"rendered":"<p>BODYFENCE\u00ae Certified Installer Network Entrust the installation of your PPF toa certified BODYFENCE\u00ae installer Have you chosen BODYFENCE\u00ae to protect your vehicle? Ensure a flawless application by entrusting the job to a certified installer. Applying a PPF requires technical expertise and absolute precision to guarantee long-lasting and effective protection. Why choose a certified installer?Our experts [&hellip;]<\/p>\n","protected":false},"author":1,"featured_media":0,"parent":0,"menu_order":0,"comment_status":"closed","ping_status":"closed","template":"","meta":{"_acf_changed":false,"inline_featured_image":false,"footnotes":""},"class_list":["post-4975","page","type-page","status-publish","hentry"],"acf":[],"yoast_head":"<!-- This site is optimized with the Yoast SEO plugin v27.0 - https:\/\/yoast.com\/product\/yoast-seo-wordpress\/ -->\n<title>Find a BODYFENCE\u00ae installer - BODYFENCE<\/title>\n<meta name=\"robots\" content=\"noindex, follow, max-snippet:-1, max-image-preview:large, max-video-preview:-1\" \/>\n<meta property=\"og:locale\" content=\"en_US\" \/>\n<meta property=\"og:type\" content=\"article\" \/>\n<meta property=\"og:title\" content=\"Find a BODYFENCE\u00ae installer - BODYFENCE\" \/>\n<meta property=\"og:description\" content=\"BODYFENCE\u00ae Certified Installer Network Entrust the installation of your PPF toa certified BODYFENCE\u00ae installer Have you chosen BODYFENCE\u00ae to protect your vehicle? Ensure a flawless application by entrusting the job to a certified installer. Applying a PPF requires technical expertise and absolute precision to guarantee long-lasting and effective protection. Why choose a certified installer?Our experts [&hellip;]\" \/>\n<meta property=\"og:url\" content=\"https:\/\/staging.bodyfence.net\/en\/find-ppf-installer\/\" \/>\n<meta property=\"og:site_name\" content=\"BODYFENCE\" \/>\n<meta property=\"article:modified_time\" content=\"2025-11-07T14:24:48+00:00\" \/>\n<meta property=\"og:image\" content=\"https:\/\/hexis-graphics.com\/img\/flag-FR.png\" \/>\n<meta name=\"twitter:card\" content=\"summary_large_image\" \/>\n<meta name=\"twitter:label1\" content=\"Est. reading time\" \/>\n\t<meta name=\"twitter:data1\" content=\"1 minute\" \/>\n<script type=\"application\/ld+json\" class=\"yoast-schema-graph\">{\"@context\":\"https:\/\/schema.org\",\"@graph\":[{\"@type\":\"WebPage\",\"@id\":\"https:\/\/staging.bodyfence.net\/en\/find-ppf-installer\/\",\"url\":\"https:\/\/staging.bodyfence.net\/en\/find-ppf-installer\/\",\"name\":\"Find a BODYFENCE\u00ae installer - BODYFENCE\",\"isPartOf\":{\"@id\":\"https:\/\/staging.bodyfence.net\/en\/#website\"},\"primaryImageOfPage\":{\"@id\":\"https:\/\/staging.bodyfence.net\/en\/find-ppf-installer\/#primaryimage\"},\"image\":{\"@id\":\"https:\/\/staging.bodyfence.net\/en\/find-ppf-installer\/#primaryimage\"},\"thumbnailUrl\":\"https:\/\/hexis-graphics.com\/img\/flag-FR.png\",\"datePublished\":\"2024-08-13T05:43:51+00:00\",\"dateModified\":\"2025-11-07T14:24:48+00:00\",\"breadcrumb\":{\"@id\":\"https:\/\/staging.bodyfence.net\/en\/find-ppf-installer\/#breadcrumb\"},\"inLanguage\":\"en-US\",\"potentialAction\":[{\"@type\":\"ReadAction\",\"target\":[\"https:\/\/staging.bodyfence.net\/en\/find-ppf-installer\/\"]}]},{\"@type\":\"ImageObject\",\"inLanguage\":\"en-US\",\"@id\":\"https:\/\/staging.bodyfence.net\/en\/find-ppf-installer\/#primaryimage\",\"url\":\"https:\/\/hexis-graphics.com\/img\/flag-FR.png\",\"contentUrl\":\"https:\/\/hexis-graphics.com\/img\/flag-FR.png\"},{\"@type\":\"BreadcrumbList\",\"@id\":\"https:\/\/staging.bodyfence.net\/en\/find-ppf-installer\/#breadcrumb\",\"itemListElement\":[{\"@type\":\"ListItem\",\"position\":1,\"name\":\"Accueil\",\"item\":\"https:\/\/staging.bodyfence.net\/en\/bodyfence\/\"},{\"@type\":\"ListItem\",\"position\":2,\"name\":\"Find a BODYFENCE\u00ae installer\"}]},{\"@type\":\"WebSite\",\"@id\":\"https:\/\/staging.bodyfence.net\/en\/#website\",\"url\":\"https:\/\/staging.bodyfence.net\/en\/\",\"name\":\"BODYFENCE\",\"description\":\"Paint Protection Film\",\"publisher\":{\"@id\":\"https:\/\/staging.bodyfence.net\/en\/#organization\"},\"potentialAction\":[{\"@type\":\"SearchAction\",\"target\":{\"@type\":\"EntryPoint\",\"urlTemplate\":\"https:\/\/staging.bodyfence.net\/en\/?s={search_term_string}\"},\"query-input\":{\"@type\":\"PropertyValueSpecification\",\"valueRequired\":true,\"valueName\":\"search_term_string\"}}],\"inLanguage\":\"en-US\"},{\"@type\":\"Organization\",\"@id\":\"https:\/\/staging.bodyfence.net\/en\/#organization\",\"name\":\"BODYFENCE\",\"url\":\"https:\/\/staging.bodyfence.net\/en\/\",\"logo\":{\"@type\":\"ImageObject\",\"inLanguage\":\"en-US\",\"@id\":\"https:\/\/staging.bodyfence.net\/en\/#\/schema\/logo\/image\/\",\"url\":\"https:\/\/staging.bodyfence.net\/wp-content\/uploads\/2024\/07\/logo-bodyfence-PPF.svg\",\"contentUrl\":\"https:\/\/staging.bodyfence.net\/wp-content\/uploads\/2024\/07\/logo-bodyfence-PPF.svg\",\"width\":318,\"height\":68,\"caption\":\"BODYFENCE\"},\"image\":{\"@id\":\"https:\/\/staging.bodyfence.net\/en\/#\/schema\/logo\/image\/\"}}]}<\/script>\n<!-- \/ Yoast SEO plugin. -->","yoast_head_json":{"title":"Find a BODYFENCE\u00ae installer - BODYFENCE","robots":{"index":"noindex","follow":"follow","max-snippet":"max-snippet:-1","max-image-preview":"max-image-preview:large","max-video-preview":"max-video-preview:-1"},"og_locale":"en_US","og_type":"article","og_title":"Find a BODYFENCE\u00ae installer - BODYFENCE","og_description":"BODYFENCE\u00ae Certified Installer Network Entrust the installation of your PPF toa certified BODYFENCE\u00ae installer Have you chosen BODYFENCE\u00ae to protect your vehicle? Ensure a flawless application by entrusting the job to a certified installer. Applying a PPF requires technical expertise and absolute precision to guarantee long-lasting and effective protection. Why choose a certified installer?Our experts [&hellip;]","og_url":"https:\/\/staging.bodyfence.net\/en\/find-ppf-installer\/","og_site_name":"BODYFENCE","article_modified_time":"2025-11-07T14:24:48+00:00","og_image":[{"url":"https:\/\/hexis-graphics.com\/img\/flag-FR.png","type":"","width":"","height":""}],"twitter_card":"summary_large_image","twitter_misc":{"Est. reading time":"1 minute"},"schema":{"@context":"https:\/\/schema.org","@graph":[{"@type":"WebPage","@id":"https:\/\/staging.bodyfence.net\/en\/find-ppf-installer\/","url":"https:\/\/staging.bodyfence.net\/en\/find-ppf-installer\/","name":"Find a BODYFENCE\u00ae installer - BODYFENCE","isPartOf":{"@id":"https:\/\/staging.bodyfence.net\/en\/#website"},"primaryImageOfPage":{"@id":"https:\/\/staging.bodyfence.net\/en\/find-ppf-installer\/#primaryimage"},"image":{"@id":"https:\/\/staging.bodyfence.net\/en\/find-ppf-installer\/#primaryimage"},"thumbnailUrl":"https:\/\/hexis-graphics.com\/img\/flag-FR.png","datePublished":"2024-08-13T05:43:51+00:00","dateModified":"2025-11-07T14:24:48+00:00","breadcrumb":{"@id":"https:\/\/staging.bodyfence.net\/en\/find-ppf-installer\/#breadcrumb"},"inLanguage":"en-US","potentialAction":[{"@type":"ReadAction","target":["https:\/\/staging.bodyfence.net\/en\/find-ppf-installer\/"]}]},{"@type":"ImageObject","inLanguage":"en-US","@id":"https:\/\/staging.bodyfence.net\/en\/find-ppf-installer\/#primaryimage","url":"https:\/\/hexis-graphics.com\/img\/flag-FR.png","contentUrl":"https:\/\/hexis-graphics.com\/img\/flag-FR.png"},{"@type":"BreadcrumbList","@id":"https:\/\/staging.bodyfence.net\/en\/find-ppf-installer\/#breadcrumb","itemListElement":[{"@type":"ListItem","position":1,"name":"Accueil","item":"https:\/\/staging.bodyfence.net\/en\/bodyfence\/"},{"@type":"ListItem","position":2,"name":"Find a BODYFENCE\u00ae installer"}]},{"@type":"WebSite","@id":"https:\/\/staging.bodyfence.net\/en\/#website","url":"https:\/\/staging.bodyfence.net\/en\/","name":"BODYFENCE","description":"Paint Protection Film","publisher":{"@id":"https:\/\/staging.bodyfence.net\/en\/#organization"},"potentialAction":[{"@type":"SearchAction","target":{"@type":"EntryPoint","urlTemplate":"https:\/\/staging.bodyfence.net\/en\/?s={search_term_string}"},"query-input":{"@type":"PropertyValueSpecification","valueRequired":true,"valueName":"search_term_string"}}],"inLanguage":"en-US"},{"@type":"Organization","@id":"https:\/\/staging.bodyfence.net\/en\/#organization","name":"BODYFENCE","url":"https:\/\/staging.bodyfence.net\/en\/","logo":{"@type":"ImageObject","inLanguage":"en-US","@id":"https:\/\/staging.bodyfence.net\/en\/#\/schema\/logo\/image\/","url":"https:\/\/staging.bodyfence.net\/wp-content\/uploads\/2024\/07\/logo-bodyfence-PPF.svg","contentUrl":"https:\/\/staging.bodyfence.net\/wp-content\/uploads\/2024\/07\/logo-bodyfence-PPF.svg","width":318,"height":68,"caption":"BODYFENCE"},"image":{"@id":"https:\/\/staging.bodyfence.net\/en\/#\/schema\/logo\/image\/"}}]}},"_links":{"self":[{"href":"https:\/\/staging.bodyfence.net\/en\/wp-json\/wp\/v2\/pages\/4975","targetHints":{"allow":["GET"]}}],"collection":[{"href":"https:\/\/staging.bodyfence.net\/en\/wp-json\/wp\/v2\/pages"}],"about":[{"href":"https:\/\/staging.bodyfence.net\/en\/wp-json\/wp\/v2\/types\/page"}],"author":[{"embeddable":true,"href":"https:\/\/staging.bodyfence.net\/en\/wp-json\/wp\/v2\/users\/1"}],"replies":[{"embeddable":true,"href":"https:\/\/staging.bodyfence.net\/en\/wp-json\/wp\/v2\/comments?post=4975"}],"version-history":[{"count":10,"href":"https:\/\/staging.bodyfence.net\/en\/wp-json\/wp\/v2\/pages\/4975\/revisions"}],"predecessor-version":[{"id":12621,"href":"https:\/\/staging.bodyfence.net\/en\/wp-json\/wp\/v2\/pages\/4975\/revisions\/12621"}],"wp:attachment":[{"href":"https:\/\/staging.bodyfence.net\/en\/wp-json\/wp\/v2\/media?parent=4975"}],"curies":[{"name":"wp","href":"https:\/\/api.w.org\/{rel}","templated":true}]}}